{"id":20,"date":"2023-05-02T14:59:31","date_gmt":"2023-05-02T17:59:31","guid":{"rendered":"https:\/\/www.gans.com.br\/blog\/?page_id=20"},"modified":"2023-12-06T15:09:29","modified_gmt":"2023-12-06T18:09:29","slug":"home","status":"publish","type":"page","link":"https:\/\/www.gans.com.br\/blog\/","title":{"rendered":"Home"},"content":{"rendered":"\n<h1>\n\t\tBlog Gans\n\t<\/h1>\n\t<p>Informa\u00e7\u00f5es para os especialistas em Calderaria leve e pesada<\/p>\n\t\t\t<a href=\"https:\/\/www.gans.com.br\/blog\/caldeiraria\/\" target=\"_self\" role=\"button\" rel=\"noopener\">\n\t\t\t\t\t\t\tCaldeiraria\n\t\t\t\t\t<\/a>\n\t\t\t<a href=\"https:\/\/www.gans.com.br\/blog\/oxicorte-e-plasma\/\" target=\"_self\" role=\"button\" rel=\"noopener\">\n\t\t\t\t\t\t\tOxicorte e Plasma\n\t\t\t\t\t<\/a>\n\t\t\t<a href=\"https:\/\/www.gans.com.br\/blog\/usinagem\/\" target=\"_self\" role=\"button\" rel=\"noopener\">\n\t\t\t\t\t\t\tUsinagem\n\t\t\t\t\t<\/a>\n\t\t\t<a href=\"https:\/\/www.gans.com.br\/blog\/calandragem\/\" target=\"_self\" role=\"button\" rel=\"noopener\">\n\t\t\t\t\t\t\tCalandragem\n\t\t\t\t\t<\/a>\n\t\t\t<a href=\"https:\/\/www.gans.com.br\/blog\/corte-e-dobra\/\" target=\"_self\" role=\"button\" rel=\"noopener\">\n\t\t\t\t\t\t\tCorte e Dobra\n\t\t\t\t\t<\/a>\n<h3>\n\t\tTodas as publica\u00e7\u00f5es\n\t<\/h3>\n\t<h3>Deseja receber n\u00f3ticias e novidades em primeira m\u00e3o?<\/h3>\n\n","protected":false},"excerpt":{"rendered":"<p>Blog Gans Informa\u00e7\u00f5es para os especialistas em Calderaria leve e pesada Caldeiraria Oxicorte e Plasma Usinagem Calandragem Corte e Dobra Todas as publica\u00e7\u00f5es Deseja receber n\u00f3ticias e novidades em primeira m\u00e3o?<\/p>\n","protected":false},"author":1,"featured_media":0,"parent":0,"menu_order":0,"comment_status":"closed","ping_status":"closed","template":"","meta":{"_kad_post_transparent":"","_kad_post_title":"","_kad_post_layout":"","_kad_post_sidebar_id":"","_kad_post_content_style":"","_kad_post_vertical_padding":"","_kad_post_feature":"","_kad_post_feature_position":"","_kad_post_header":false,"_kad_post_footer":false,"footnotes":""},"class_list":["post-20","page","type-page","status-publish","hentry"],"_links":{"self":[{"href":"https:\/\/www.gans.com.br\/blog\/wp-json\/wp\/v2\/pages\/20","targetHints":{"allow":["GET"]}}],"collection":[{"href":"https:\/\/www.gans.com.br\/blog\/wp-json\/wp\/v2\/pages"}],"about":[{"href":"https:\/\/www.gans.com.br\/blog\/wp-json\/wp\/v2\/types\/page"}],"author":[{"embeddable":true,"href":"https:\/\/www.gans.com.br\/blog\/wp-json\/wp\/v2\/users\/1"}],"replies":[{"embeddable":true,"href":"https:\/\/www.gans.com.br\/blog\/wp-json\/wp\/v2\/comments?post=20"}],"version-history":[{"count":43,"href":"https:\/\/www.gans.com.br\/blog\/wp-json\/wp\/v2\/pages\/20\/revisions"}],"predecessor-version":[{"id":438,"href":"https:\/\/www.gans.com.br\/blog\/wp-json\/wp\/v2\/pages\/20\/revisions\/438"}],"wp:attachment":[{"href":"https:\/\/www.gans.com.br\/blog\/wp-json\/wp\/v2\/media?parent=20"}],"curies":[{"name":"wp","href":"https:\/\/api.w.org\/{rel}","templated":true}]}}